{"id":890,"date":"2021-01-19T09:14:08","date_gmt":"2021-01-19T09:14:08","guid":{"rendered":"https:\/\/juditmontal.com\/?page_id=890"},"modified":"2024-09-02T15:05:54","modified_gmt":"2024-09-02T15:05:54","slug":"contacto","status":"publish","type":"page","link":"https:\/\/juditmontal.com\/es\/contacto\/","title":{"rendered":"Contacto"},"content":{"rendered":"\t\t<div data-elementor-type=\"wp-page\" data-elementor-id=\"890\" class=\"elementor elementor-890\">\n\t\t\t\t\t\t<section class=\"elementor-section elementor-top-section elementor-element elementor-element-450dc745 elementor-section-height-min-height elementor-section-boxed elementor-section-height-default elementor-section-items-middle\" data-id=\"450dc745\" data-element_type=\"section\" data-e-type=\"section\" data-settings=\"{&quot;background_background&quot;:&quot;classic&quot;}\">\n\t\t\t\t\t\t\t<div class=\"elementor-background-overlay\"><\/div>\n\t\t\t\t\t\t\t<div class=\"elementor-container elementor-column-gap-default\">\n\t\t\t\t\t<div class=\"elementor-column elementor-col-100 elementor-top-column elementor-element elementor-element-2aa207b2\" data-id=\"2aa207b2\" data-element_type=\"column\" data-e-type=\"column\">\n\t\t\t<div class=\"elementor-widget-wrap elementor-element-populated\">\n\t\t\t\t\t\t<div class=\"elementor-element elementor-element-14c1121 elementor-widget elementor-widget-heading\" data-id=\"14c1121\" data-element_type=\"widget\" data-e-type=\"widget\" data-widget_type=\"heading.default\">\n\t\t\t\t<div class=\"elementor-widget-container\">\n\t\t\t\t\t<h1 class=\"elementor-heading-title elementor-size-default\">\u00bfQuieres que impulsemos \n<\/br>tu negocio?<\/span><\/h1><\/h1>\t\t\t\t<\/div>\n\t\t\t\t<\/div>\n\t\t\t\t<div class=\"elementor-element elementor-element-600f4588 elementor-widget elementor-widget-text-editor\" data-id=\"600f4588\" data-element_type=\"widget\" data-e-type=\"widget\" data-widget_type=\"text-editor.default\">\n\t\t\t\t<div class=\"elementor-widget-container\">\n\t\t\t\t\t\t\t\t\t<p style=\"line-height: 48px; font-size: 24px; text-transform: none; text-align: center;\">\u00a1Me parece muy buena idea y me gustar\u00eda ayudarte!<\/p>\t\t\t\t\t\t\t\t<\/div>\n\t\t\t\t<\/div>\n\t\t\t\t\t<\/div>\n\t\t<\/div>\n\t\t\t\t\t<\/div>\n\t\t<\/section>\n\t\t\t\t<section class=\"elementor-section elementor-top-section elementor-element elementor-element-38b30e0 elementor-section-boxed elementor-section-height-default elementor-section-height-default\" data-id=\"38b30e0\" data-element_type=\"section\" data-e-type=\"section\">\n\t\t\t\t\t\t<div class=\"elementor-container elementor-column-gap-default\">\n\t\t\t\t\t<div class=\"elementor-column elementor-col-100 elementor-top-column elementor-element elementor-element-9e6035b\" data-id=\"9e6035b\" data-element_type=\"column\" data-e-type=\"column\">\n\t\t\t<div class=\"elementor-widget-wrap elementor-element-populated\">\n\t\t\t\t\t\t<div class=\"elementor-element elementor-element-4de859e elementor-widget elementor-widget-text-editor\" data-id=\"4de859e\" data-element_type=\"widget\" data-e-type=\"widget\" data-widget_type=\"text-editor.default\">\n\t\t\t\t<div class=\"elementor-widget-container\">\n\t\t\t\t\t\t\t\t\t<h2 style=\"text-align: center;\"><strong>\u00a0Para este,\u00a0 y cualquier otro tema:<\/strong><\/h2><p>Si necesitas <strong>informaci\u00f3n, petici\u00f3n de presupuesto,<\/strong> colaboraci\u00f3n o sugerencias <span style=\"text-decoration: underline;\"><strong>por favor rellena este formula<\/strong><strong>rio<\/strong><\/span>. Tambi\u00e9n \u00a0puedes escribir directamente a <a href=\"mailto:info@juditmontal.com\">info@juditmontal.com.<\/a><\/p><div><strong>Es importante que sepas que <span style=\"text-decoration: underline;\">t<\/span><\/strong><span style=\"text-decoration: underline;\"><b>odas las peticiones se atienden siempre <\/b><\/span><b><span style=\"text-decoration: underline;\">por e-mail (sin excepciones)<\/span>, reservando cualquier reuni\u00f3n o llamada para cuando comenzamos a trabajar a fondo en tu proyecto. <\/b>R<span style=\"color: var( --e-global-color-text ); font-family: var( --e-global-typography-text-font-family ), Sans-serif; font-size: var( --e-global-typography-text-font-size ); font-style: var( --e-global-typography-text-font-style ); font-weight: var( --e-global-typography-text-font-weight ); letter-spacing: var( --e-global-typography-text-letter-spacing ); background-color: var(--nv-site-bg);\">esponderemos <\/span><span style=\"color: var( --e-global-color-text ); font-family: var( --e-global-typography-text-font-family ), Sans-serif; font-size: var( --e-global-typography-text-font-size ); font-style: var( --e-global-typography-text-font-style ); font-weight: var( --e-global-typography-text-font-weight ); letter-spacing: var( --e-global-typography-text-letter-spacing ); background-color: var(--nv-site-bg); text-decoration-line: underline;\">en menos de 48<\/span><span style=\"color: var( --e-global-color-text ); font-family: var( --e-global-typography-text-font-family ), Sans-serif; font-size: var( --e-global-typography-text-font-size ); font-style: var( --e-global-typography-text-font-style ); font-weight: var( --e-global-typography-text-font-weight ); letter-spacing: var( --e-global-typography-text-letter-spacing ); background-color: var(--nv-site-bg);\">\u00a0<\/span><span style=\"color: var( --e-global-color-text ); font-family: var( --e-global-typography-text-font-family ), Sans-serif; font-size: var( --e-global-typography-text-font-size ); font-style: var( --e-global-typography-text-font-style ); font-weight: var( --e-global-typography-text-font-weight ); letter-spacing: var( --e-global-typography-text-letter-spacing ); background-color: var(--nv-site-bg);\">horas en d\u00edas laborables, y si podemos antes, por supuesto lo haremos antes seguro.<\/span><\/div><div>\u00a0<\/div><div>Si buscas orientaci\u00f3n general para ser m\u00e1s visible o quieres saber qu\u00e9 acciones te recomendar\u00eda para potenciar tu negocio. Puedes contratar una sesi\u00f3n de valoraci\u00f3n de 45 minutos conmigo, rellena el cuestionario y agendamos la sesi\u00f3n online.<\/div>\t\t\t\t\t\t\t\t<\/div>\n\t\t\t\t<\/div>\n\t\t\t\t\t<\/div>\n\t\t<\/div>\n\t\t\t\t\t<\/div>\n\t\t<\/section>\n\t\t\t\t<section class=\"elementor-section elementor-top-section elementor-element elementor-element-a852419 elementor-section-full_width elementor-section-stretched elementor-section-height-default elementor-section-height-default\" data-id=\"a852419\" data-element_type=\"section\" data-e-type=\"section\" data-settings=\"{&quot;stretch_section&quot;:&quot;section-stretched&quot;,&quot;background_background&quot;:&quot;classic&quot;}\">\n\t\t\t\t\t\t\t<div class=\"elementor-background-overlay\"><\/div>\n\t\t\t\t\t\t\t<div class=\"elementor-container elementor-column-gap-default\">\n\t\t\t\t\t<div class=\"elementor-column elementor-col-50 elementor-top-column elementor-element elementor-element-302e7da\" data-id=\"302e7da\" data-element_type=\"column\" data-e-type=\"column\">\n\t\t\t<div class=\"elementor-widget-wrap\">\n\t\t\t\t\t\t\t<\/div>\n\t\t<\/div>\n\t\t\t\t<div class=\"elementor-column elementor-col-50 elementor-top-column elementor-element elementor-element-14b098d\" data-id=\"14b098d\" data-element_type=\"column\" data-e-type=\"column\">\n\t\t\t<div class=\"elementor-widget-wrap elementor-element-populated\">\n\t\t\t\t\t\t<div class=\"elementor-element elementor-element-6bb7579 elementor-widget elementor-widget-text-editor\" data-id=\"6bb7579\" data-element_type=\"widget\" data-e-type=\"widget\" data-widget_type=\"text-editor.default\">\n\t\t\t\t<div class=\"elementor-widget-container\">\n\t\t\t\t\t\t\t\t\t<h4 style=\"text-align: center;\">Formulario de contacto<\/h4><p style=\"text-align: center;\"><strong>Es importante que sepas que <span style=\"text-decoration: underline;\">t<\/span><\/strong><span style=\"text-decoration: underline;\"><b>odas las peticiones se atienden siempre por<\/b><\/span><b><span style=\"text-decoration: underline;\"> e-mail (sin excepciones)<\/span>, reservando cualquier reuni\u00f3n o llamada para cuando comenzamos a trabajar a fondo en tu proyecto.<\/b><\/p><p style=\"text-align: center;\">[contact-form-7 id=\u00bb889&#8243; title=\u00bbFormulario de contacto espa\u00f1ol\u00bb]<\/p>\t\t\t\t\t\t\t\t<\/div>\n\t\t\t\t<\/div>\n\t\t\t\t\t<\/div>\n\t\t<\/div>\n\t\t\t\t\t<\/div>\n\t\t<\/section>\n\t\t\t\t<\/div>\n\t\t","protected":false},"excerpt":{"rendered":"<p>\u00bfQuieres que impulsemos tu negocio? \u00a1Me parece muy buena idea y me gustar\u00eda ayudarte! \u00a0Para este,\u00a0 y cualquier otro tema: Si necesitas informaci\u00f3n, petici\u00f3n de presupuesto, colaboraci\u00f3n o sugerencias por favor rellena este formulario. Tambi\u00e9n \u00a0puedes escribir directamente a info@juditmontal.com. Es importante que sepas que todas las peticiones se atienden siempre por e-mail (sin excepciones),&hellip;&nbsp;<a href=\"https:\/\/juditmontal.com\/es\/contacto\/\" rel=\"bookmark\">Leer m\u00e1s &raquo;<span class=\"screen-reader-text\">Contacto<\/span><\/a><\/p>\n","protected":false},"author":1,"featured_media":0,"parent":0,"menu_order":0,"comment_status":"closed","ping_status":"closed","template":"page-templates\/template-pagebuilder-full-width.php","meta":{"neve_meta_sidebar":"","neve_meta_container":"","neve_meta_enable_content_width":"","neve_meta_content_width":0,"neve_meta_title_alignment":"","neve_meta_author_avatar":"","neve_post_elements_order":"","neve_meta_disable_header":"","neve_meta_disable_footer":"","neve_meta_disable_title":"","footnotes":""},"class_list":["post-890","page","type-page","status-publish","hentry"],"_links":{"self":[{"href":"https:\/\/juditmontal.com\/es\/wp-json\/wp\/v2\/pages\/890","targetHints":{"allow":["GET"]}}],"collection":[{"href":"https:\/\/juditmontal.com\/es\/wp-json\/wp\/v2\/pages"}],"about":[{"href":"https:\/\/juditmontal.com\/es\/wp-json\/wp\/v2\/types\/page"}],"author":[{"embeddable":true,"href":"https:\/\/juditmontal.com\/es\/wp-json\/wp\/v2\/users\/1"}],"replies":[{"embeddable":true,"href":"https:\/\/juditmontal.com\/es\/wp-json\/wp\/v2\/comments?post=890"}],"version-history":[{"count":94,"href":"https:\/\/juditmontal.com\/es\/wp-json\/wp\/v2\/pages\/890\/revisions"}],"predecessor-version":[{"id":11243,"href":"https:\/\/juditmontal.com\/es\/wp-json\/wp\/v2\/pages\/890\/revisions\/11243"}],"wp:attachment":[{"href":"https:\/\/juditmontal.com\/es\/wp-json\/wp\/v2\/media?parent=890"}],"curies":[{"name":"wp","href":"https:\/\/api.w.org\/{rel}","templated":true}]}}