{"id":10630,"date":"2024-07-31T14:00:59","date_gmt":"2024-07-31T14:00:59","guid":{"rendered":"https:\/\/juditmontal.com\/?page_id=10630"},"modified":"2024-08-22T19:05:33","modified_gmt":"2024-08-22T19:05:33","slug":"b-el-marketing-en-el-que-creo","status":"publish","type":"page","link":"https:\/\/juditmontal.com\/es\/b-el-marketing-en-el-que-creo\/","title":{"rendered":"B El Marketing en el que creo"},"content":{"rendered":"\t\t<div data-elementor-type=\"wp-page\" data-elementor-id=\"10630\" class=\"elementor elementor-10630\">\n\t\t\t\t\t\t<section class=\"elementor-section elementor-top-section elementor-element elementor-element-2ea678b3 elementor-section-height-min-height elementor-section-content-top elementor-section-boxed elementor-section-height-default elementor-section-items-middle\" data-id=\"2ea678b3\" data-element_type=\"section\" data-e-type=\"section\" data-settings=\"{&quot;background_background&quot;:&quot;classic&quot;}\">\n\t\t\t\t\t\t\t<div class=\"elementor-background-overlay\"><\/div>\n\t\t\t\t\t\t\t<div class=\"elementor-container elementor-column-gap-default\">\n\t\t\t\t\t<div class=\"elementor-column elementor-col-100 elementor-top-column elementor-element elementor-element-2bb96353\" data-id=\"2bb96353\" data-element_type=\"column\" data-e-type=\"column\" data-settings=\"{&quot;background_background&quot;:&quot;classic&quot;}\">\n\t\t\t<div class=\"elementor-widget-wrap elementor-element-populated\">\n\t\t\t\t\t<div class=\"elementor-background-overlay\"><\/div>\n\t\t\t\t\t\t<div class=\"elementor-element elementor-element-76a4dc74 elementor-widget__width-inherit elementor-widget elementor-widget-heading\" data-id=\"76a4dc74\" data-element_type=\"widget\" data-e-type=\"widget\" data-widget_type=\"heading.default\">\n\t\t\t\t<div class=\"elementor-widget-container\">\n\t\t\t\t\t<h1 class=\"elementor-heading-title elementor-size-large\">Marketing para expandirte, conectar e impactar<\/h1>\t\t\t\t<\/div>\n\t\t\t\t<\/div>\n\t\t\t\t<div class=\"elementor-element elementor-element-75376e2b elementor-widget elementor-widget-text-editor\" data-id=\"75376e2b\" data-element_type=\"widget\" data-e-type=\"widget\" data-widget_type=\"text-editor.default\">\n\t\t\t\t<div class=\"elementor-widget-container\">\n\t\t\t\t\t\t\t\t\t<h4 class=\"font-jm2\" style=\"text-align: center;\">Un nuevo estilo de Marketing para ti y para negocios como el tuyo.<\/h4>\t\t\t\t\t\t\t\t<\/div>\n\t\t\t\t<\/div>\n\t\t\t\t\t<\/div>\n\t\t<\/div>\n\t\t\t\t\t<\/div>\n\t\t<\/section>\n\t\t\t\t<section class=\"elementor-section elementor-top-section elementor-element elementor-element-78e884de elementor-section-boxed elementor-section-height-default elementor-section-height-default\" data-id=\"78e884de\" data-element_type=\"section\" data-e-type=\"section\">\n\t\t\t\t\t\t<div class=\"elementor-container elementor-column-gap-default\">\n\t\t\t\t\t<div class=\"elementor-column elementor-col-100 elementor-top-column elementor-element elementor-element-71a9c1fe\" data-id=\"71a9c1fe\" data-element_type=\"column\" data-e-type=\"column\">\n\t\t\t<div class=\"elementor-widget-wrap elementor-element-populated\">\n\t\t\t\t\t\t<div class=\"elementor-element elementor-element-24f3851a elementor-widget elementor-widget-text-editor\" data-id=\"24f3851a\" data-element_type=\"widget\" data-e-type=\"widget\" data-widget_type=\"text-editor.default\">\n\t\t\t\t<div class=\"elementor-widget-container\">\n\t\t\t\t\t\t\t\t\t<h2><strong>Otra forma de hacer Marketing que te permitir\u00e1:<\/strong><\/h2><h4 style=\"text-align: center;\"><span style=\"text-decoration: underline;\"><strong>Expandir<\/strong> <\/span>tu mentalidad empresarial y potenciar tu negocio desde t\u00fa pr\u00f3posito,<\/h4><h4 style=\"text-align: center;\"><span style=\"text-decoration: underline;\"><strong>Conectar<\/strong><\/span>\u00a0con m\u00e1s personas e<\/h4><h4 style=\"text-align: center;\"><span style=\"text-decoration: underline;\"><strong>impactar<\/strong> <\/span>de forma positiva en tu entorno.<\/h4><p>\u00a0<\/p><h3 style=\"text-align: center;\">En definitiva, liderar tu proyecto y llevar el estilo de vida que desees.<\/h3><p style=\"text-align: center;\">\u00a0<\/p>\t\t\t\t\t\t\t\t<\/div>\n\t\t\t\t<\/div>\n\t\t\t\t\t<\/div>\n\t\t<\/div>\n\t\t\t\t\t<\/div>\n\t\t<\/section>\n\t\t\t\t<section class=\"elementor-section elementor-top-section elementor-element elementor-element-c4c7a98 elementor-section-height-min-height elementor-section-boxed elementor-section-height-default elementor-section-items-middle\" data-id=\"c4c7a98\" data-element_type=\"section\" data-e-type=\"section\" data-settings=\"{&quot;background_background&quot;:&quot;classic&quot;}\">\n\t\t\t\t\t\t\t<div class=\"elementor-background-overlay\"><\/div>\n\t\t\t\t\t\t\t<div class=\"elementor-container elementor-column-gap-default\">\n\t\t\t\t\t<div class=\"elementor-column elementor-col-100 elementor-top-column elementor-element elementor-element-eba4e13\" data-id=\"eba4e13\" data-element_type=\"column\" data-e-type=\"column\">\n\t\t\t<div class=\"elementor-widget-wrap elementor-element-populated\">\n\t\t\t\t\t\t<div class=\"elementor-element elementor-element-d351437 elementor-widget elementor-widget-text-editor\" data-id=\"d351437\" data-element_type=\"widget\" data-e-type=\"widget\" data-widget_type=\"text-editor.default\">\n\t\t\t\t<div class=\"elementor-widget-container\">\n\t\t\t\t\t\t\t\t\t<h3 style=\"text-align: center;\">\u00bfQuieres obtener resultados efectivos y algo m\u00e1s?<\/h3><p style=\"text-align: center;\">Vamos a <strong>transformar<\/strong> la forma de hacer marketing de tu negocio, para\u00a0 mejorar tu marca, tu relaci\u00f3n con ella y crear un verdadero impacto.<\/p><ol><li>Empezaremos por <strong>pensar en t\u00fa prop\u00f3sito, propuesta de valor<\/strong> y objetivos, pero teniendo en cuenta siempre a tu cliente y sus necesidades.<\/li><li>A partir de ah\u00ed es m\u00e1s f\u00e1cil conectar de verdad con m\u00e1s personas, genuinamente.<\/li><li>Y todo ella conlleva un verdadero impacto positivo a tu entorno.<\/li><\/ol><h4>\u00a0<\/h4><h4 style=\"text-align: center;\">Quiz\u00e1s est\u00e1 buscando otro estilo de Marketing, que se note y sea efectivo y que persuada de forma honesta y consciente.<\/h4>\t\t\t\t\t\t\t\t<\/div>\n\t\t\t\t<\/div>\n\t\t\t\t\t<\/div>\n\t\t<\/div>\n\t\t\t\t\t<\/div>\n\t\t<\/section>\n\t\t\t\t<section class=\"elementor-section elementor-top-section elementor-element elementor-element-67c11b24 elementor-section-height-min-height elementor-section-boxed elementor-section-height-default elementor-section-items-middle\" data-id=\"67c11b24\" data-element_type=\"section\" data-e-type=\"section\" data-settings=\"{&quot;background_background&quot;:&quot;classic&quot;}\">\n\t\t\t\t\t\t\t<div class=\"elementor-background-overlay\"><\/div>\n\t\t\t\t\t\t\t<div class=\"elementor-container elementor-column-gap-default\">\n\t\t\t\t\t<div class=\"elementor-column elementor-col-100 elementor-top-column elementor-element elementor-element-3f7566a7\" data-id=\"3f7566a7\" data-element_type=\"column\" data-e-type=\"column\">\n\t\t\t<div class=\"elementor-widget-wrap elementor-element-populated\">\n\t\t\t\t\t\t<div class=\"elementor-element elementor-element-dd9fe5 elementor-widget elementor-widget-text-editor\" data-id=\"dd9fe5\" data-element_type=\"widget\" data-e-type=\"widget\" data-widget_type=\"text-editor.default\">\n\t\t\t\t<div class=\"elementor-widget-container\">\n\t\t\t\t\t\t\t\t\t<h4 class=\"font-jm2\" style=\"text-align: center;\"><span style=\"color: #ffffff;\">Un nuevo estilo de Marketing para negocios como el tuyo.<\/span><br \/><span style=\"color: #ffffff;\">\u00c9ste es el estilo de Marketing en el que creo y que quiero para tau negocio.<\/span><\/h4><h4 class=\"font-jm2\" style=\"text-align: center;\"><span style=\"color: #ffffff;\"> Para que vendas a las personas en el momento adecuado de forma consciente.\u00a0<\/span><\/h4>\t\t\t\t\t\t\t\t<\/div>\n\t\t\t\t<\/div>\n\t\t\t\t\t<\/div>\n\t\t<\/div>\n\t\t\t\t\t<\/div>\n\t\t<\/section>\n\t\t\t\t<section class=\"elementor-section elementor-top-section elementor-element elementor-element-76436d11 elementor-section-boxed elementor-section-height-default elementor-section-height-default\" data-id=\"76436d11\" data-element_type=\"section\" data-e-type=\"section\" data-settings=\"{&quot;background_background&quot;:&quot;classic&quot;}\">\n\t\t\t\t\t\t\t<div class=\"elementor-background-overlay\"><\/div>\n\t\t\t\t\t\t\t<div class=\"elementor-container elementor-column-gap-default\">\n\t\t\t\t\t<div class=\"elementor-column elementor-col-100 elementor-top-column elementor-element elementor-element-b5e06df\" data-id=\"b5e06df\" data-element_type=\"column\" data-e-type=\"column\">\n\t\t\t<div class=\"elementor-widget-wrap elementor-element-populated\">\n\t\t\t\t\t\t<div class=\"elementor-element elementor-element-d35dd1d elementor-widget elementor-widget-text-editor\" data-id=\"d35dd1d\" data-element_type=\"widget\" data-e-type=\"widget\" data-widget_type=\"text-editor.default\">\n\t\t\t\t<div class=\"elementor-widget-container\">\n\t\t\t\t\t\t\t\t\t<h4 style=\"text-align: center;\">Si crees que ya es el momento de dar un paso adelante por tu negocio sacando m\u00e1s partido de cada acci\u00f3n de marketing a la vez que mejorando tu entorno.<\/h4><p style=\"text-align: center;\">Ser\u00e1 un placer poner toda mi experiencia y conocimientos a tu disposici\u00f3n para ayudarte.<\/p>\t\t\t\t\t\t\t\t<\/div>\n\t\t\t\t<\/div>\n\t\t\t\t<div class=\"elementor-element elementor-element-1c74730 elementor-button-info elementor-align-center elementor-widget elementor-widget-button\" data-id=\"1c74730\" data-element_type=\"widget\" data-e-type=\"widget\" data-widget_type=\"button.default\">\n\t\t\t\t<div class=\"elementor-widget-container\">\n\t\t\t\t\t\t\t\t\t<div class=\"elementor-button-wrapper\">\n\t\t\t\t\t<a class=\"elementor-button elementor-button-link elementor-size-xl elementor-animation-grow\" href=\"https:\/\/juditmontal.com\/contacto\/\">\n\t\t\t\t\t\t<span class=\"elementor-button-content-wrapper\">\n\t\t\t\t\t\t\t\t\t<span class=\"elementor-button-text\">\u00bfempezamos?<\/span>\n\t\t\t\t\t<\/span>\n\t\t\t\t\t<\/a>\n\t\t\t\t<\/div>\n\t\t\t\t\t\t\t\t<\/div>\n\t\t\t\t<\/div>\n\t\t\t\t\t<\/div>\n\t\t<\/div>\n\t\t\t\t\t<\/div>\n\t\t<\/section>\n\t\t\t\t<\/div>\n\t\t","protected":false},"excerpt":{"rendered":"<p>Marketing para expandirte, conectar e impactar Un nuevo estilo de Marketing para ti y para negocios como el tuyo. Otra forma de hacer Marketing que te permitir\u00e1: Expandir tu mentalidad empresarial y potenciar tu negocio desde t\u00fa pr\u00f3posito, Conectar\u00a0con m\u00e1s personas e impactar de forma positiva en tu entorno. \u00a0 En definitiva, liderar tu proyecto&hellip;&nbsp;<a href=\"https:\/\/juditmontal.com\/es\/b-el-marketing-en-el-que-creo\/\" rel=\"bookmark\">Leer m\u00e1s &raquo;<span class=\"screen-reader-text\">B El Marketing en el que creo<\/span><\/a><\/p>\n","protected":false},"author":1,"featured_media":0,"parent":0,"menu_order":0,"comment_status":"closed","ping_status":"closed","template":"page-templates\/template-pagebuilder-full-width.php","meta":{"neve_meta_sidebar":"full-width","neve_meta_container":"","neve_meta_enable_content_width":"on","neve_meta_content_width":100,"neve_meta_title_alignment":"","neve_meta_author_avatar":"","neve_post_elements_order":"","neve_meta_disable_header":"","neve_meta_disable_footer":"","neve_meta_disable_title":"","footnotes":""},"class_list":["post-10630","page","type-page","status-publish","hentry"],"_links":{"self":[{"href":"https:\/\/juditmontal.com\/es\/wp-json\/wp\/v2\/pages\/10630","targetHints":{"allow":["GET"]}}],"collection":[{"href":"https:\/\/juditmontal.com\/es\/wp-json\/wp\/v2\/pages"}],"about":[{"href":"https:\/\/juditmontal.com\/es\/wp-json\/wp\/v2\/types\/page"}],"author":[{"embeddable":true,"href":"https:\/\/juditmontal.com\/es\/wp-json\/wp\/v2\/users\/1"}],"replies":[{"embeddable":true,"href":"https:\/\/juditmontal.com\/es\/wp-json\/wp\/v2\/comments?post=10630"}],"version-history":[{"count":43,"href":"https:\/\/juditmontal.com\/es\/wp-json\/wp\/v2\/pages\/10630\/revisions"}],"predecessor-version":[{"id":11174,"href":"https:\/\/juditmontal.com\/es\/wp-json\/wp\/v2\/pages\/10630\/revisions\/11174"}],"wp:attachment":[{"href":"https:\/\/juditmontal.com\/es\/wp-json\/wp\/v2\/media?parent=10630"}],"curies":[{"name":"wp","href":"https:\/\/api.w.org\/{rel}","templated":true}]}}